{"id":80,"date":"2018-05-26T17:36:17","date_gmt":"2018-05-26T17:36:17","guid":{"rendered":"http:\/\/www.logosconsultores.cl\/index\/?page_id=80"},"modified":"2018-07-17T03:18:54","modified_gmt":"2018-07-17T03:18:54","slug":"cobertura","status":"publish","type":"page","link":"https:\/\/www.logosconsultores.cl\/index\/cobertura\/","title":{"rendered":"Cobertura"},"content":{"rendered":"<p>Nuestra cobertura es a nivel nacional, donde contamos con oficinas en Santiago, Antofagasta, Valpara\u00edso y Concepci\u00f3n.<\/p>\n<p>Adicionalmente trabajamos con m\u00f3dulos de supervisi\u00f3n en el resto de las regiones.<\/p>\n<p>Lo anterior nos ha permitido desarrollar y dirigir la operaci\u00f3n conservando est\u00e1ndares de calidad a nivel pa\u00eds.<\/p>\n<p><strong>ANTOFAGASTA:<\/strong> General Baquedano N\u00ba 239, Oficina 316<br \/>\n<b>CONCEPCI\u00d3N:<\/b> An\u00edbal Pinto N\u00ba 102, Oficina 4<br \/>\n<strong>VALPARA\u00cdSO<\/strong>: Cochrane N\u00ba 667, Oficina 701<br \/>\n<strong>SANTIAGO:<\/strong> Perez Valenzuela N\u00ba 1520, oficina 402, piso 4<\/p>\n","protected":false},"excerpt":{"rendered":"<p>Nuestra cobertura es a nivel nacional, donde contamos con oficinas en Santiago, Antofagasta, Valpara\u00edso y Concepci\u00f3n. Adicionalmente trabajamos con m\u00f3dulos de supervisi\u00f3n en el resto de las regiones. Lo anterior nos ha permitido desarrollar y dirigir la operaci\u00f3n conservando est\u00e1ndares de calidad a nivel pa\u00eds. ANTOFAGASTA: General Baquedano N\u00ba 239, Oficina 316 CONCEPCI\u00d3N: An\u00edbal Pinto [&hellip;]<\/p>\n","protected":false},"author":1,"featured_media":0,"parent":0,"menu_order":0,"comment_status":"closed","ping_status":"closed","template":"","meta":{"footnotes":""},"class_list":["post-80","page","type-page","status-publish"],"_links":{"self":[{"href":"https:\/\/www.logosconsultores.cl\/index\/wp-json\/wp\/v2\/pages\/80","targetHints":{"allow":["GET"]}}],"collection":[{"href":"https:\/\/www.logosconsultores.cl\/index\/wp-json\/wp\/v2\/pages"}],"about":[{"href":"https:\/\/www.logosconsultores.cl\/index\/wp-json\/wp\/v2\/types\/page"}],"author":[{"embeddable":true,"href":"https:\/\/www.logosconsultores.cl\/index\/wp-json\/wp\/v2\/users\/1"}],"replies":[{"embeddable":true,"href":"https:\/\/www.logosconsultores.cl\/index\/wp-json\/wp\/v2\/comments?post=80"}],"version-history":[{"count":11,"href":"https:\/\/www.logosconsultores.cl\/index\/wp-json\/wp\/v2\/pages\/80\/revisions"}],"predecessor-version":[{"id":393,"href":"https:\/\/www.logosconsultores.cl\/index\/wp-json\/wp\/v2\/pages\/80\/revisions\/393"}],"wp:attachment":[{"href":"https:\/\/www.logosconsultores.cl\/index\/wp-json\/wp\/v2\/media?parent=80"}],"curies":[{"name":"wp","href":"https:\/\/api.w.org\/{rel}","templated":true}]}}