{"id":241,"date":"2018-06-05T16:14:18","date_gmt":"2018-06-05T16:14:18","guid":{"rendered":"http:\/\/www.logosconsultores.cl\/index\/?page_id=241"},"modified":"2018-07-17T03:16:34","modified_gmt":"2018-07-17T03:16:34","slug":"filosofia","status":"publish","type":"page","link":"https:\/\/www.logosconsultores.cl\/index\/filosofia\/","title":{"rendered":"Nuestra Filosof\u00eda"},"content":{"rendered":"<p><img loading=\"lazy\" decoding=\"async\" class=\"alignnone wp-image-370 size-full\" src=\"http:\/\/www.logosconsultores.cl\/index\/wp-content\/uploads\/2018\/06\/boutiquebanner.gif\" alt=\"\" width=\"1900\" height=\"450\" \/><\/p>\n<p><strong>EL CLIENTE Y NUESTRA FILOSOFIA<\/strong><\/p>\n<p>Buscamos desarrollar con el cliente una relaci\u00f3n de estrecha colaboraci\u00f3n, basada en una comunicaci\u00f3n directa y personalizada.<\/p>\n<p>Para ello, nos enfocamos en un crecimiento acotado y controlado, logrando adem\u00e1s, ser sustentables en el tiempo.<\/p>\n","protected":false},"excerpt":{"rendered":"<p>EL CLIENTE Y NUESTRA FILOSOFIA Buscamos desarrollar con el cliente una relaci\u00f3n de estrecha colaboraci\u00f3n, basada en una comunicaci\u00f3n directa y personalizada. Para ello, nos enfocamos en un crecimiento acotado y controlado, logrando adem\u00e1s, ser sustentables en el tiempo.<\/p>\n","protected":false},"author":1,"featured_media":0,"parent":0,"menu_order":0,"comment_status":"closed","ping_status":"closed","template":"","meta":{"footnotes":""},"class_list":["post-241","page","type-page","status-publish"],"_links":{"self":[{"href":"https:\/\/www.logosconsultores.cl\/index\/wp-json\/wp\/v2\/pages\/241","targetHints":{"allow":["GET"]}}],"collection":[{"href":"https:\/\/www.logosconsultores.cl\/index\/wp-json\/wp\/v2\/pages"}],"about":[{"href":"https:\/\/www.logosconsultores.cl\/index\/wp-json\/wp\/v2\/types\/page"}],"author":[{"embeddable":true,"href":"https:\/\/www.logosconsultores.cl\/index\/wp-json\/wp\/v2\/users\/1"}],"replies":[{"embeddable":true,"href":"https:\/\/www.logosconsultores.cl\/index\/wp-json\/wp\/v2\/comments?post=241"}],"version-history":[{"count":19,"href":"https:\/\/www.logosconsultores.cl\/index\/wp-json\/wp\/v2\/pages\/241\/revisions"}],"predecessor-version":[{"id":392,"href":"https:\/\/www.logosconsultores.cl\/index\/wp-json\/wp\/v2\/pages\/241\/revisions\/392"}],"wp:attachment":[{"href":"https:\/\/www.logosconsultores.cl\/index\/wp-json\/wp\/v2\/media?parent=241"}],"curies":[{"name":"wp","href":"https:\/\/api.w.org\/{rel}","templated":true}]}}