{"id":23,"date":"2018-05-22T00:34:59","date_gmt":"2018-05-22T00:34:59","guid":{"rendered":"http:\/\/www.logosconsultores.cl\/index\/?page_id=23"},"modified":"2018-07-27T18:36:36","modified_gmt":"2018-07-27T18:36:36","slug":"servicios","status":"publish","type":"page","link":"https:\/\/www.logosconsultores.cl\/index\/servicios\/","title":{"rendered":"Conoce nuestros servicios"},"content":{"rendered":"<p><b><img loading=\"lazy\" decoding=\"async\" class=\"size-full wp-image-195 alignleft\" src=\"http:\/\/www.logosconsultores.cl\/index\/wp-content\/uploads\/2018\/05\/externalizacionicono1.png\" alt=\"\" width=\"100\" height=\"100\" \/><br \/>\nEXTERNALIZACI\u00d3N: <\/b>En LOGOS te entregamos un modelo de servicio a tu medida, evaluando las caracter\u00edsticas de la industria y el nivel de desarrollo de tu empresa, acompa\u00f1\u00e1ndote en la operaci\u00f3n del servicio.<\/p>\n<p>&nbsp;<\/p>\n<p><b><img loading=\"lazy\" decoding=\"async\" class=\"size-full wp-image-202 alignleft\" src=\"http:\/\/www.logosconsultores.cl\/index\/wp-content\/uploads\/2018\/05\/transitorios.png\" alt=\"\" width=\"100\" height=\"100\" \/><br \/>\nSERVICIOS TRANSITORIOS<\/b>: En LOGOS te damos la herramienta que entrega soluciones cuando necesites reemplazo de trabajadores, cuando requieras personal temporal para un nuevo proyecto o cuando existan trabajos urgentes que precisen refuerzos de personal.<\/p>\n<p>&nbsp;<\/p>\n<p><img loading=\"lazy\" decoding=\"async\" class=\"size-full wp-image-199 alignleft\" src=\"http:\/\/www.logosconsultores.cl\/index\/wp-content\/uploads\/2018\/05\/seleccionpersonal.png\" alt=\"\" width=\"100\" height=\"100\" \/><b><br \/>\nSELECCI\u00d3N DE PERSONAL: <\/b>En LOGOS te ofrecemos ser el motor de b\u00fasqueda de personal asesor\u00e1ndote y acompa\u00f1\u00e1ndote en encontrar la persona id\u00f3nea para tu organizaci\u00f3n.<\/p>\n<p>&nbsp;<\/p>\n<p>&nbsp;<\/p>\n<hr \/>\n<p><b>INDUSTRIAS\u00a0 QUE ABARCAMOS<\/b><\/p>\n<p><img loading=\"lazy\" decoding=\"async\" class=\"wp-image-359 size-full alignleft\" src=\"http:\/\/www.logosconsultores.cl\/index\/wp-content\/uploads\/2018\/06\/retail.png\" alt=\"\" width=\"165\" height=\"150\" \/><strong>RETAIL<\/strong><\/p>\n<ul>\n<li>Servicio Integral POS<\/li>\n<li>Reposici\u00f3n eficiente<\/li>\n<li>Promoci\u00f3n y venta<\/li>\n<li>Coaching en puntos de venta<\/li>\n<\/ul>\n<p>&nbsp;<\/p>\n<p>&nbsp;<\/p>\n<hr \/>\n<p><b><img loading=\"lazy\" decoding=\"async\" class=\"wp-image-356 size-full alignleft\" src=\"http:\/\/www.logosconsultores.cl\/index\/wp-content\/uploads\/2018\/06\/administracion.png\" alt=\"\" width=\"165\" height=\"150\" \/><\/b><\/p>\n<p><b>ADMINISTRACI\u00d3N<\/b><\/p>\n<ul>\n<li>Administraci\u00f3n contable<\/li>\n<li>Gesti\u00f3n de tesorer\u00eda<\/li>\n<li>Administraci\u00f3n de cobranza<\/li>\n<li>Secretaria<\/li>\n<li>Asistencia de gerencia<\/li>\n<li>Asistencia de mensajer\u00eda y coffee<\/li>\n<\/ul>\n<p>&nbsp;<\/p>\n<hr \/>\n<p><img loading=\"lazy\" decoding=\"async\" class=\"wp-image-357 size-full alignleft\" src=\"http:\/\/www.logosconsultores.cl\/index\/wp-content\/uploads\/2018\/06\/logistica.png\" alt=\"\" width=\"165\" height=\"150\" \/><\/p>\n<p><b>LOG\u00cdSTICA<\/b><\/p>\n<ul>\n<li>Administraci\u00f3n de bodegas<\/li>\n<li>Procesos en centros de distribuci\u00f3n<\/li>\n<\/ul>\n<p>&nbsp;<\/p>\n<p>&nbsp;<\/p>\n<hr \/>\n<p><img loading=\"lazy\" decoding=\"async\" class=\"alignnone wp-image-415 size-full\" src=\"http:\/\/www.logosconsultores.cl\/index\/wp-content\/uploads\/2018\/07\/servicios.png\" alt=\"\" width=\"1079\" height=\"185\" srcset=\"https:\/\/www.logosconsultores.cl\/index\/wp-content\/uploads\/2018\/07\/servicios.png 1079w, https:\/\/www.logosconsultores.cl\/index\/wp-content\/uploads\/2018\/07\/servicios-300x51.png 300w, https:\/\/www.logosconsultores.cl\/index\/wp-content\/uploads\/2018\/07\/servicios-768x132.png 768w, https:\/\/www.logosconsultores.cl\/index\/wp-content\/uploads\/2018\/07\/servicios-1024x176.png 1024w\" sizes=\"auto, (max-width: 1079px) 100vw, 1079px\" \/><\/p>\n","protected":false},"excerpt":{"rendered":"<p>EXTERNALIZACI\u00d3N: En LOGOS te entregamos un modelo de servicio a tu medida, evaluando las caracter\u00edsticas de la industria y el nivel de desarrollo de tu empresa, acompa\u00f1\u00e1ndote en la operaci\u00f3n del servicio. &nbsp; SERVICIOS TRANSITORIOS: En LOGOS te damos la herramienta que entrega soluciones cuando necesites reemplazo de trabajadores, cuando requieras personal temporal para un [&hellip;]<\/p>\n","protected":false},"author":1,"featured_media":0,"parent":0,"menu_order":0,"comment_status":"closed","ping_status":"closed","template":"","meta":{"footnotes":""},"class_list":["post-23","page","type-page","status-publish"],"_links":{"self":[{"href":"https:\/\/www.logosconsultores.cl\/index\/wp-json\/wp\/v2\/pages\/23","targetHints":{"allow":["GET"]}}],"collection":[{"href":"https:\/\/www.logosconsultores.cl\/index\/wp-json\/wp\/v2\/pages"}],"about":[{"href":"https:\/\/www.logosconsultores.cl\/index\/wp-json\/wp\/v2\/types\/page"}],"author":[{"embeddable":true,"href":"https:\/\/www.logosconsultores.cl\/index\/wp-json\/wp\/v2\/users\/1"}],"replies":[{"embeddable":true,"href":"https:\/\/www.logosconsultores.cl\/index\/wp-json\/wp\/v2\/comments?post=23"}],"version-history":[{"count":60,"href":"https:\/\/www.logosconsultores.cl\/index\/wp-json\/wp\/v2\/pages\/23\/revisions"}],"predecessor-version":[{"id":417,"href":"https:\/\/www.logosconsultores.cl\/index\/wp-json\/wp\/v2\/pages\/23\/revisions\/417"}],"wp:attachment":[{"href":"https:\/\/www.logosconsultores.cl\/index\/wp-json\/wp\/v2\/media?parent=23"}],"curies":[{"name":"wp","href":"https:\/\/api.w.org\/{rel}","templated":true}]}}